{"id":6119,"date":"2023-05-01T18:40:28","date_gmt":"2023-05-01T18:40:28","guid":{"rendered":"https:\/\/dehumidifiedairservices.com\/?page_id=6119"},"modified":"2023-03-16T05:11:26","modified_gmt":"2023-03-16T05:11:26","slug":"dectron-legacy-manuels","status":"publish","type":"page","link":"https:\/\/dehumidifiedairservices.com\/fr\/ressources\/manuels\/dectron-legacy-manuels\/","title":{"rendered":"Dectron-Legacy-Manuels"},"content":{"rendered":"\t\t<div data-elementor-type=\"wp-page\" data-elementor-id=\"6119\" class=\"elementor elementor-6119 elementor-4610\" data-elementor-post-type=\"page\">\n\t\t\t\t\t\t<section class=\"elementor-section elementor-top-section elementor-element elementor-element-6082b1d elementor-section-content-middle elementor-section-boxed elementor-section-height-default elementor-section-height-default\" data-id=\"6082b1d\" data-element_type=\"section\" data-e-type=\"section\" data-settings=\"{&quot;background_background&quot;:&quot;classic&quot;}\">\n\t\t\t\t\t\t<div class=\"elementor-container elementor-column-gap-default\">\n\t\t\t\t\t<div class=\"elementor-column elementor-col-100 elementor-top-column elementor-element elementor-element-7255caf\" data-id=\"7255caf\" data-element_type=\"column\" data-e-type=\"column\">\n\t\t\t<div class=\"elementor-widget-wrap elementor-element-populated\">\n\t\t\t\t\t\t<div class=\"elementor-element elementor-element-836d932 elementor-icon-list--layout-inline elementor-list-item-link-inline elementor-align-start elementor-widget elementor-widget-icon-list\" data-id=\"836d932\" data-element_type=\"widget\" data-e-type=\"widget\" data-widget_type=\"icon-list.default\">\n\t\t\t\t<div class=\"elementor-widget-container\">\n\t\t\t\t\t\t\t<ul class=\"elementor-icon-list-items elementor-inline-items\">\n\t\t\t\t\t\t\t<li class=\"elementor-icon-list-item elementor-inline-item\">\n\t\t\t\t\t\t\t\t\t\t\t<a href=\"https:\/\/dehumidifiedairservices.com\/\">\n\n\t\t\t\t\t\t\t\t\t\t\t<span class=\"elementor-icon-list-text\">Domicile<\/span>\n\t\t\t\t\t\t\t\t\t\t\t<\/a>\n\t\t\t\t\t\t\t\t\t<\/li>\n\t\t\t\t\t\t\t\t<li class=\"elementor-icon-list-item elementor-inline-item\">\n\t\t\t\t\t\t\t\t\t\t\t<a href=\"https:\/\/dehumidifiedairservices.com\/resources\/manuals\/\">\n\n\t\t\t\t\t\t\t\t\t\t\t\t<span class=\"elementor-icon-list-icon\">\n\t\t\t\t\t\t\t<svg aria-hidden=\"true\" class=\"e-font-icon-svg e-fas-angle-right\" viewBox=\"0 0 256 512\" xmlns=\"http:\/\/www.w3.org\/2000\/svg\"><path d=\"M224.3 273l-136 136c-9.4 9.4-24.6 9.4-33.9 0l-22.6-22.6c-9.4-9.4-9.4-24.6 0-33.9l96.4-96.4-96.4-96.4c-9.4-9.4-9.4-24.6 0-33.9L54.3 103c9.4-9.4 24.6-9.4 33.9 0l136 136c9.5 9.4 9.5 24.6.1 34z\"><\/path><\/svg>\t\t\t\t\t\t<\/span>\n\t\t\t\t\t\t\t\t\t\t<span class=\"elementor-icon-list-text\">Manuels<\/span>\n\t\t\t\t\t\t\t\t\t\t\t<\/a>\n\t\t\t\t\t\t\t\t\t<\/li>\n\t\t\t\t\t\t\t\t<li class=\"elementor-icon-list-item elementor-inline-item\">\n\t\t\t\t\t\t\t\t\t\t\t<a href=\"https:\/\/dehumidifiedairservices.com\/about-us\/\">\n\n\t\t\t\t\t\t\t\t\t\t\t\t<span class=\"elementor-icon-list-icon\">\n\t\t\t\t\t\t\t<svg aria-hidden=\"true\" class=\"e-font-icon-svg e-fas-angle-right\" viewBox=\"0 0 256 512\" xmlns=\"http:\/\/www.w3.org\/2000\/svg\"><path d=\"M224.3 273l-136 136c-9.4 9.4-24.6 9.4-33.9 0l-22.6-22.6c-9.4-9.4-9.4-24.6 0-33.9l96.4-96.4-96.4-96.4c-9.4-9.4-9.4-24.6 0-33.9L54.3 103c9.4-9.4 24.6-9.4 33.9 0l136 136c9.5 9.4 9.5 24.6.1 34z\"><\/path><\/svg>\t\t\t\t\t\t<\/span>\n\t\t\t\t\t\t\t\t\t\t<span class=\"elementor-icon-list-text\"> Manuels et documents h\u00e9rit\u00e9s de Dectron<\/span>\n\t\t\t\t\t\t\t\t\t\t\t<\/a>\n\t\t\t\t\t\t\t\t\t<\/li>\n\t\t\t\t\t\t<\/ul>\n\t\t\t\t\t\t<\/div>\n\t\t\t\t<\/div>\n\t\t\t\t\t<\/div>\n\t\t<\/div>\n\t\t\t\t\t<\/div>\n\t\t<\/section>\n\t\t\t\t<section class=\"elementor-section elementor-top-section elementor-element elementor-element-2d070f1 elementor-section-boxed elementor-section-height-default elementor-section-height-default\" data-id=\"2d070f1\" data-element_type=\"section\" data-e-type=\"section\">\n\t\t\t\t\t\t<div class=\"elementor-container elementor-column-gap-default\">\n\t\t\t\t\t<div class=\"elementor-column elementor-col-33 elementor-top-column elementor-element elementor-element-1b5c8a2\" data-id=\"1b5c8a2\" data-element_type=\"column\" data-e-type=\"column\">\n\t\t\t<div class=\"elementor-widget-wrap elementor-element-populated\">\n\t\t\t\t\t\t<div class=\"elementor-element elementor-element-f217c62 elementor-widget elementor-widget-image\" data-id=\"f217c62\" data-element_type=\"widget\" data-e-type=\"widget\" data-widget_type=\"image.default\">\n\t\t\t\t<div class=\"elementor-widget-container\">\n\t\t\t\t\t\t\t\t\t\t\t\t\t\t\t<img fetchpriority=\"high\" decoding=\"async\" width=\"822\" height=\"206\" src=\"https:\/\/dehumidifiedairservices.com\/wp-content\/uploads\/2022\/06\/dectron.png\" class=\"attachment-full size-full wp-image-5661\" alt=\"\" srcset=\"https:\/\/dehumidifiedairservices.com\/wp-content\/uploads\/2022\/06\/dectron.png 822w, https:\/\/dehumidifiedairservices.com\/wp-content\/uploads\/2022\/06\/dectron-300x75.png 300w, https:\/\/dehumidifiedairservices.com\/wp-content\/uploads\/2022\/06\/dectron-768x192.png 768w\" sizes=\"(max-width: 822px) 100vw, 822px\" \/>\t\t\t\t\t\t\t\t\t\t\t\t\t\t\t<\/div>\n\t\t\t\t<\/div>\n\t\t\t\t\t<\/div>\n\t\t<\/div>\n\t\t\t\t<div class=\"elementor-column elementor-col-33 elementor-top-column elementor-element elementor-element-a8179f5\" data-id=\"a8179f5\" data-element_type=\"column\" data-e-type=\"column\">\n\t\t\t<div class=\"elementor-widget-wrap\">\n\t\t\t\t\t\t\t<\/div>\n\t\t<\/div>\n\t\t\t\t<div class=\"elementor-column elementor-col-33 elementor-top-column elementor-element elementor-element-6b347df\" data-id=\"6b347df\" data-element_type=\"column\" data-e-type=\"column\">\n\t\t\t<div class=\"elementor-widget-wrap elementor-element-populated\">\n\t\t\t\t\t\t<section class=\"elementor-section elementor-inner-section elementor-element elementor-element-45503f3 elementor-section-boxed elementor-section-height-default elementor-section-height-default\" data-id=\"45503f3\" data-element_type=\"section\" data-e-type=\"section\">\n\t\t\t\t\t\t<div class=\"elementor-container elementor-column-gap-default\">\n\t\t\t\t\t<div class=\"elementor-column elementor-col-25 elementor-inner-column elementor-element elementor-element-898a0b2\" data-id=\"898a0b2\" data-element_type=\"column\" data-e-type=\"column\">\n\t\t\t<div class=\"elementor-widget-wrap elementor-element-populated\">\n\t\t\t\t\t\t<div class=\"elementor-element elementor-element-9c231e8 elementor-widget elementor-widget-image\" data-id=\"9c231e8\" data-element_type=\"widget\" data-e-type=\"widget\" data-widget_type=\"image.default\">\n\t\t\t\t<div class=\"elementor-widget-container\">\n\t\t\t\t\t\t\t\t\t\t\t\t\t\t\t\t<a href=\"https:\/\/dehumidifiedairservices.com\/wp-content\/uploads\/2022\/08\/Dectron-Dehum-Install-Manual-Sept-2020.pdf\" target=\"_blank\">\n\t\t\t\t\t\t\t<img decoding=\"async\" width=\"791\" height=\"1024\" src=\"https:\/\/dehumidifiedairservices.com\/wp-content\/uploads\/2022\/08\/dectron_in_dehumidifers_web.png\" class=\"attachment-large size-large wp-image-5690\" alt=\"\" srcset=\"https:\/\/dehumidifiedairservices.com\/wp-content\/uploads\/2022\/08\/dectron_in_dehumidifers_web.png 791w, https:\/\/dehumidifiedairservices.com\/wp-content\/uploads\/2022\/08\/dectron_in_dehumidifers_web-232x300.png 232w, https:\/\/dehumidifiedairservices.com\/wp-content\/uploads\/2022\/08\/dectron_in_dehumidifers_web-768x994.png 768w\" sizes=\"(max-width: 791px) 100vw, 791px\" \/>\t\t\t\t\t\t\t\t<\/a>\n\t\t\t\t\t\t\t\t\t\t\t\t\t\t\t<\/div>\n\t\t\t\t<\/div>\n\t\t\t\t<div class=\"elementor-element elementor-element-639e023 elementor-widget elementor-widget-text-editor\" data-id=\"639e023\" data-element_type=\"widget\" data-e-type=\"widget\" data-widget_type=\"text-editor.default\">\n\t\t\t\t<div class=\"elementor-widget-container\">\n\t\t\t\t\t\t\t\t\t<p><a href=\"https:\/\/dehumidifiedairservices.com\/wp-content\/uploads\/2022\/08\/Dectron-Dehum-Install-Manual-Sept-2020.pdf\" target=\"_blank\" rel=\"noopener\">Manuel d&#8217;installation des d\u00e9shumidificateurs Dectron<\/a><\/p>\n\t\t\t\t\t\t\t\t<\/div>\n\t\t\t\t<\/div>\n\t\t\t\t\t<\/div>\n\t\t<\/div>\n\t\t\t\t<div class=\"elementor-column elementor-col-25 elementor-inner-column elementor-element elementor-element-4bbc247\" data-id=\"4bbc247\" data-element_type=\"column\" data-e-type=\"column\">\n\t\t\t<div class=\"elementor-widget-wrap elementor-element-populated\">\n\t\t\t\t\t\t<div class=\"elementor-element elementor-element-3ce0af2 elementor-widget elementor-widget-image\" data-id=\"3ce0af2\" data-element_type=\"widget\" data-e-type=\"widget\" data-widget_type=\"image.default\">\n\t\t\t\t<div class=\"elementor-widget-container\">\n\t\t\t\t\t\t\t\t\t\t\t\t\t\t\t\t<a href=\"https:\/\/dehumidifiedairservices.com\/wp-content\/uploads\/2022\/08\/Dectron-Dry-Cooler-installation-Manual-Oct-2020.pdf\" target=\"_blank\">\n\t\t\t\t\t\t\t<img decoding=\"async\" width=\"791\" height=\"1024\" src=\"https:\/\/dehumidifiedairservices.com\/wp-content\/uploads\/2022\/08\/dectron_in_drycoolers_web.png\" class=\"attachment-full size-full wp-image-5691\" alt=\"\" srcset=\"https:\/\/dehumidifiedairservices.com\/wp-content\/uploads\/2022\/08\/dectron_in_drycoolers_web.png 791w, https:\/\/dehumidifiedairservices.com\/wp-content\/uploads\/2022\/08\/dectron_in_drycoolers_web-232x300.png 232w, https:\/\/dehumidifiedairservices.com\/wp-content\/uploads\/2022\/08\/dectron_in_drycoolers_web-768x994.png 768w\" sizes=\"(max-width: 791px) 100vw, 791px\" \/>\t\t\t\t\t\t\t\t<\/a>\n\t\t\t\t\t\t\t\t\t\t\t\t\t\t\t<\/div>\n\t\t\t\t<\/div>\n\t\t\t\t<div class=\"elementor-element elementor-element-ab6dc08 elementor-widget elementor-widget-text-editor\" data-id=\"ab6dc08\" data-element_type=\"widget\" data-e-type=\"widget\" data-widget_type=\"text-editor.default\">\n\t\t\t\t<div class=\"elementor-widget-container\">\n\t\t\t\t\t\t\t\t\t<p><a href=\"https:\/\/dehumidifiedairservices.com\/wp-content\/uploads\/2022\/08\/Dectron-Dry-Cooler-installation-Manual-Oct-2020.pdf\" target=\"_blank\" rel=\"noopener\">Manuel d&#8217;installation du refroidisseur \u00e0 sec Dectron<\/a><\/p>\n\t\t\t\t\t\t\t\t<\/div>\n\t\t\t\t<\/div>\n\t\t\t\t\t<\/div>\n\t\t<\/div>\n\t\t\t\t<div class=\"elementor-column elementor-col-25 elementor-inner-column elementor-element elementor-element-41e5aff\" data-id=\"41e5aff\" data-element_type=\"column\" data-e-type=\"column\">\n\t\t\t<div class=\"elementor-widget-wrap\">\n\t\t\t\t\t\t\t<\/div>\n\t\t<\/div>\n\t\t\t\t<div class=\"elementor-column elementor-col-25 elementor-inner-column elementor-element elementor-element-e68b7f3\" data-id=\"e68b7f3\" data-element_type=\"column\" data-e-type=\"column\">\n\t\t\t<div class=\"elementor-widget-wrap\">\n\t\t\t\t\t\t\t<\/div>\n\t\t<\/div>\n\t\t\t\t\t<\/div>\n\t\t<\/section>\n\t\t\t\t<section class=\"elementor-section elementor-inner-section elementor-element elementor-element-6b66b16 elementor-section-boxed elementor-section-height-default elementor-section-height-default\" data-id=\"6b66b16\" data-element_type=\"section\" data-e-type=\"section\">\n\t\t\t\t\t\t<div class=\"elementor-container elementor-column-gap-default\">\n\t\t\t\t\t<div class=\"elementor-column elementor-col-25 elementor-inner-column elementor-element elementor-element-54917b2\" data-id=\"54917b2\" data-element_type=\"column\" data-e-type=\"column\">\n\t\t\t<div class=\"elementor-widget-wrap elementor-element-populated\">\n\t\t\t\t\t\t<div class=\"elementor-element elementor-element-30fff61 elementor-widget elementor-widget-image\" data-id=\"30fff61\" data-element_type=\"widget\" data-e-type=\"widget\" data-widget_type=\"image.default\">\n\t\t\t\t<div class=\"elementor-widget-container\">\n\t\t\t\t\t\t\t\t\t\t\t\t\t\t\t\t<a href=\"https:\/\/dehumidifiedairservices.com\/wp-content\/uploads\/2022\/08\/Dectron-Dry-Cooler-OMM-Sept-2020-1.pdf\" target=\"_blank\">\n\t\t\t\t\t\t\t<img loading=\"lazy\" decoding=\"async\" width=\"600\" height=\"776\" src=\"https:\/\/dehumidifiedairservices.com\/wp-content\/uploads\/2022\/08\/dectron_omm_ng-drycoolers_web.png\" class=\"attachment-full size-full wp-image-5692\" alt=\"\" srcset=\"https:\/\/dehumidifiedairservices.com\/wp-content\/uploads\/2022\/08\/dectron_omm_ng-drycoolers_web.png 600w, https:\/\/dehumidifiedairservices.com\/wp-content\/uploads\/2022\/08\/dectron_omm_ng-drycoolers_web-232x300.png 232w\" sizes=\"(max-width: 600px) 100vw, 600px\" \/>\t\t\t\t\t\t\t\t<\/a>\n\t\t\t\t\t\t\t\t\t\t\t\t\t\t\t<\/div>\n\t\t\t\t<\/div>\n\t\t\t\t<div class=\"elementor-element elementor-element-622a380 elementor-widget elementor-widget-text-editor\" data-id=\"622a380\" data-element_type=\"widget\" data-e-type=\"widget\" data-widget_type=\"text-editor.default\">\n\t\t\t\t<div class=\"elementor-widget-container\">\n\t\t\t\t\t\t\t\t\t<p><a href=\"https:\/\/dehumidifiedairservices.com\/wp-content\/uploads\/2022\/08\/Dectron-Dry-Cooler-OMM-Sept-2020-1.pdf\" target=\"_blank\" rel=\"noopener\">Refroidisseur \u00e0 sec Dectron OMM<\/a><\/p>\n\t\t\t\t\t\t\t\t<\/div>\n\t\t\t\t<\/div>\n\t\t\t\t\t<\/div>\n\t\t<\/div>\n\t\t\t\t<div class=\"elementor-column elementor-col-25 elementor-inner-column elementor-element elementor-element-20e39ce\" data-id=\"20e39ce\" data-element_type=\"column\" data-e-type=\"column\">\n\t\t\t<div class=\"elementor-widget-wrap elementor-element-populated\">\n\t\t\t\t\t\t<div class=\"elementor-element elementor-element-8fecab9 elementor-widget elementor-widget-image\" data-id=\"8fecab9\" data-element_type=\"widget\" data-e-type=\"widget\" data-widget_type=\"image.default\">\n\t\t\t\t<div class=\"elementor-widget-container\">\n\t\t\t\t\t\t\t\t\t\t\t\t\t\t\t\t<a href=\"https:\/\/dehumidifiedairservices.com\/wp-content\/uploads\/2022\/08\/Dectron-DS-Series-Indoor-OMM-Sept-2020.pdf\" target=\"_blank\">\n\t\t\t\t\t\t\t<img loading=\"lazy\" decoding=\"async\" width=\"791\" height=\"1024\" src=\"https:\/\/dehumidifiedairservices.com\/wp-content\/uploads\/2022\/08\/dectron_omm_ds-indoor_web.png\" class=\"attachment-full size-full wp-image-5682\" alt=\"\" srcset=\"https:\/\/dehumidifiedairservices.com\/wp-content\/uploads\/2022\/08\/dectron_omm_ds-indoor_web.png 791w, https:\/\/dehumidifiedairservices.com\/wp-content\/uploads\/2022\/08\/dectron_omm_ds-indoor_web-232x300.png 232w, https:\/\/dehumidifiedairservices.com\/wp-content\/uploads\/2022\/08\/dectron_omm_ds-indoor_web-768x994.png 768w\" sizes=\"(max-width: 791px) 100vw, 791px\" \/>\t\t\t\t\t\t\t\t<\/a>\n\t\t\t\t\t\t\t\t\t\t\t\t\t\t\t<\/div>\n\t\t\t\t<\/div>\n\t\t\t\t<div class=\"elementor-element elementor-element-fb4c16a elementor-widget elementor-widget-text-editor\" data-id=\"fb4c16a\" data-element_type=\"widget\" data-e-type=\"widget\" data-widget_type=\"text-editor.default\">\n\t\t\t\t<div class=\"elementor-widget-container\">\n\t\t\t\t\t\t\t\t\t<p><a href=\"https:\/\/dehumidifiedairservices.com\/wp-content\/uploads\/2022\/08\/Dectron-DS-Series-Indoor-OMM-Sept-2020.pdf\" target=\"_blank\" rel=\"noopener\">Dectron s\u00e9rie DS OMM int\u00e9rieur<\/a><\/p>\n\t\t\t\t\t\t\t\t<\/div>\n\t\t\t\t<\/div>\n\t\t\t\t\t<\/div>\n\t\t<\/div>\n\t\t\t\t<div class=\"elementor-column elementor-col-25 elementor-inner-column elementor-element elementor-element-8441453\" data-id=\"8441453\" data-element_type=\"column\" data-e-type=\"column\">\n\t\t\t<div class=\"elementor-widget-wrap elementor-element-populated\">\n\t\t\t\t\t\t<div class=\"elementor-element elementor-element-52c4119 elementor-widget elementor-widget-image\" data-id=\"52c4119\" data-element_type=\"widget\" data-e-type=\"widget\" data-widget_type=\"image.default\">\n\t\t\t\t<div class=\"elementor-widget-container\">\n\t\t\t\t\t\t\t\t\t\t\t\t\t\t\t\t<a href=\"https:\/\/dehumidifiedairservices.com\/wp-content\/uploads\/2022\/08\/Dectron-DS-Series-Outdoor-OMM-Sept-2020.pdf\" target=\"_blank\">\n\t\t\t\t\t\t\t<img loading=\"lazy\" decoding=\"async\" width=\"791\" height=\"1024\" src=\"https:\/\/dehumidifiedairservices.com\/wp-content\/uploads\/2022\/08\/dectron_omm_ds-outdoor.png\" class=\"attachment-full size-full wp-image-5685\" alt=\"\" srcset=\"https:\/\/dehumidifiedairservices.com\/wp-content\/uploads\/2022\/08\/dectron_omm_ds-outdoor.png 791w, https:\/\/dehumidifiedairservices.com\/wp-content\/uploads\/2022\/08\/dectron_omm_ds-outdoor-232x300.png 232w, https:\/\/dehumidifiedairservices.com\/wp-content\/uploads\/2022\/08\/dectron_omm_ds-outdoor-768x994.png 768w\" sizes=\"(max-width: 791px) 100vw, 791px\" \/>\t\t\t\t\t\t\t\t<\/a>\n\t\t\t\t\t\t\t\t\t\t\t\t\t\t\t<\/div>\n\t\t\t\t<\/div>\n\t\t\t\t<div class=\"elementor-element elementor-element-73cead4 elementor-widget elementor-widget-text-editor\" data-id=\"73cead4\" data-element_type=\"widget\" data-e-type=\"widget\" data-widget_type=\"text-editor.default\">\n\t\t\t\t<div class=\"elementor-widget-container\">\n\t\t\t\t\t\t\t\t\t<p><a href=\"https:\/\/dehumidifiedairservices.com\/wp-content\/uploads\/2022\/08\/Dectron-DS-Series-Outdoor-OMM-Sept-2020.pdf\" target=\"_blank\" rel=\"noopener\">Dectron s\u00e9rie DS ext\u00e9rieur OMM<\/a><\/p>\n\t\t\t\t\t\t\t\t<\/div>\n\t\t\t\t<\/div>\n\t\t\t\t\t<\/div>\n\t\t<\/div>\n\t\t\t\t<div class=\"elementor-column elementor-col-25 elementor-inner-column elementor-element elementor-element-f57b53a\" data-id=\"f57b53a\" data-element_type=\"column\" data-e-type=\"column\">\n\t\t\t<div class=\"elementor-widget-wrap elementor-element-populated\">\n\t\t\t\t\t\t<div class=\"elementor-element elementor-element-1ca9bf7 elementor-widget elementor-widget-image\" data-id=\"1ca9bf7\" data-element_type=\"widget\" data-e-type=\"widget\" data-widget_type=\"image.default\">\n\t\t\t\t<div class=\"elementor-widget-container\">\n\t\t\t\t\t\t\t\t\t\t\t\t\t\t\t\t<a href=\"https:\/\/dehumidifiedairservices.com\/wp-content\/uploads\/2022\/08\/Dectron-LD-LEEDer-Series-OMM-Sept-2020.pdf\" target=\"_blank\">\n\t\t\t\t\t\t\t<img loading=\"lazy\" decoding=\"async\" width=\"791\" height=\"1024\" src=\"https:\/\/dehumidifiedairservices.com\/wp-content\/uploads\/2022\/08\/dectron_omm_ld-leeder.png\" class=\"attachment-full size-full wp-image-5684\" alt=\"\" srcset=\"https:\/\/dehumidifiedairservices.com\/wp-content\/uploads\/2022\/08\/dectron_omm_ld-leeder.png 791w, https:\/\/dehumidifiedairservices.com\/wp-content\/uploads\/2022\/08\/dectron_omm_ld-leeder-232x300.png 232w, https:\/\/dehumidifiedairservices.com\/wp-content\/uploads\/2022\/08\/dectron_omm_ld-leeder-768x994.png 768w\" sizes=\"(max-width: 791px) 100vw, 791px\" \/>\t\t\t\t\t\t\t\t<\/a>\n\t\t\t\t\t\t\t\t\t\t\t\t\t\t\t<\/div>\n\t\t\t\t<\/div>\n\t\t\t\t<div class=\"elementor-element elementor-element-b11cf2b elementor-widget elementor-widget-text-editor\" data-id=\"b11cf2b\" data-element_type=\"widget\" data-e-type=\"widget\" data-widget_type=\"text-editor.default\">\n\t\t\t\t<div class=\"elementor-widget-container\">\n\t\t\t\t\t\t\t\t\t<p><a href=\"https:\/\/dehumidifiedairservices.com\/wp-content\/uploads\/2022\/08\/Dectron-LD-LEEDer-Series-OMM-Sept-2020.pdf\" target=\"_blank\" rel=\"noopener\">S\u00e9rie Dectron LD LEEDer OMM<\/a><\/p>\n\t\t\t\t\t\t\t\t<\/div>\n\t\t\t\t<\/div>\n\t\t\t\t\t<\/div>\n\t\t<\/div>\n\t\t\t\t\t<\/div>\n\t\t<\/section>\n\t\t\t\t<section class=\"elementor-section elementor-inner-section elementor-element elementor-element-b45e79d elementor-section-boxed elementor-section-height-default elementor-section-height-default\" data-id=\"b45e79d\" data-element_type=\"section\" data-e-type=\"section\">\n\t\t\t\t\t\t<div class=\"elementor-container elementor-column-gap-default\">\n\t\t\t\t\t<div class=\"elementor-column elementor-col-25 elementor-inner-column elementor-element elementor-element-2109b3d\" data-id=\"2109b3d\" data-element_type=\"column\" data-e-type=\"column\">\n\t\t\t<div class=\"elementor-widget-wrap elementor-element-populated\">\n\t\t\t\t\t\t<div class=\"elementor-element elementor-element-9e41001 elementor-widget elementor-widget-image\" data-id=\"9e41001\" data-element_type=\"widget\" data-e-type=\"widget\" data-widget_type=\"image.default\">\n\t\t\t\t<div class=\"elementor-widget-container\">\n\t\t\t\t\t\t\t\t\t\t\t\t\t\t\t\t<a href=\"https:\/\/dehumidifiedairservices.com\/wp-content\/uploads\/2022\/08\/dectron-lh-series-omm-may-2022.pdf\" target=\"_blank\">\n\t\t\t\t\t\t\t<img loading=\"lazy\" decoding=\"async\" width=\"791\" height=\"1024\" src=\"https:\/\/dehumidifiedairservices.com\/wp-content\/uploads\/2022\/08\/dectron-lh-series-omm.jpg\" class=\"attachment-full size-full wp-image-5683\" alt=\"\" srcset=\"https:\/\/dehumidifiedairservices.com\/wp-content\/uploads\/2022\/08\/dectron-lh-series-omm.jpg 791w, https:\/\/dehumidifiedairservices.com\/wp-content\/uploads\/2022\/08\/dectron-lh-series-omm-232x300.jpg 232w, https:\/\/dehumidifiedairservices.com\/wp-content\/uploads\/2022\/08\/dectron-lh-series-omm-768x994.jpg 768w\" sizes=\"(max-width: 791px) 100vw, 791px\" \/>\t\t\t\t\t\t\t\t<\/a>\n\t\t\t\t\t\t\t\t\t\t\t\t\t\t\t<\/div>\n\t\t\t\t<\/div>\n\t\t\t\t<div class=\"elementor-element elementor-element-739cb3f elementor-widget elementor-widget-text-editor\" data-id=\"739cb3f\" data-element_type=\"widget\" data-e-type=\"widget\" data-widget_type=\"text-editor.default\">\n\t\t\t\t<div class=\"elementor-widget-container\">\n\t\t\t\t\t\t\t\t\t<p><a href=\"https:\/\/dehumidifiedairservices.com\/wp-content\/uploads\/2022\/08\/dectron-lh-series-omm-may-2022.pdf\" target=\"_blank\" rel=\"noopener\">Dectron S\u00e9rie LH OMM<\/a><\/p>\n\t\t\t\t\t\t\t\t<\/div>\n\t\t\t\t<\/div>\n\t\t\t\t\t<\/div>\n\t\t<\/div>\n\t\t\t\t<div class=\"elementor-column elementor-col-25 elementor-inner-column elementor-element elementor-element-573c504\" data-id=\"573c504\" data-element_type=\"column\" data-e-type=\"column\">\n\t\t\t<div class=\"elementor-widget-wrap\">\n\t\t\t\t\t\t\t<\/div>\n\t\t<\/div>\n\t\t\t\t<div class=\"elementor-column elementor-col-25 elementor-inner-column elementor-element elementor-element-25883f7\" data-id=\"25883f7\" data-element_type=\"column\" data-e-type=\"column\">\n\t\t\t<div class=\"elementor-widget-wrap\">\n\t\t\t\t\t\t\t<\/div>\n\t\t<\/div>\n\t\t\t\t<div class=\"elementor-column elementor-col-25 elementor-inner-column elementor-element elementor-element-25095da\" data-id=\"25095da\" data-element_type=\"column\" data-e-type=\"column\">\n\t\t\t<div class=\"elementor-widget-wrap\">\n\t\t\t\t\t\t\t<\/div>\n\t\t<\/div>\n\t\t\t\t\t<\/div>\n\t\t<\/section>\n\t\t\t\t\t<\/div>\n\t\t<\/div>\n\t\t\t\t\t<\/div>\n\t\t<\/section>\n\t\t\t\t<\/div>\n\t\t","protected":false},"excerpt":{"rendered":"<p>Domicile Manuels Manuels et documents h\u00e9rit\u00e9s de Dectron Installation manual Manuel d&#8217;installation des d\u00e9shumidificateurs Dectron Manuel d&#8217;installation du refroidisseur \u00e0 sec Dectron Operation and Maintenance Manuals Refroidisseur \u00e0 sec Dectron OMM Dectron s\u00e9rie DS OMM int\u00e9rieur Dectron s\u00e9rie DS ext\u00e9rieur OMM S\u00e9rie Dectron LD LEEDer OMM Dectron S\u00e9rie LH OMM<\/p>\n","protected":false},"author":2,"featured_media":0,"parent":6117,"menu_order":0,"comment_status":"closed","ping_status":"closed","template":"","meta":{"content-type":"","site-sidebar-layout":"no-sidebar","site-content-layout":"page-builder","ast-site-content-layout":"default","site-content-style":"default","site-sidebar-style":"default","ast-global-header-display":"","ast-banner-title-visibility":"","ast-main-header-display":"","ast-hfb-above-header-display":"","ast-hfb-below-header-display":"","ast-hfb-mobile-header-display":"","site-post-title":"disabled","ast-breadcrumbs-content":"","ast-featured-img":"disabled","footer-sml-layout":"","ast-disable-related-posts":"","theme-transparent-header-meta":"default","adv-header-id-meta":"","stick-header-meta":"","header-above-stick-meta":"","header-main-stick-meta":"","header-below-stick-meta":"","astra-migrate-meta-layouts":"default","ast-page-background-enabled":"default","ast-page-background-meta":{"desktop":{"background-color":"var(--ast-global-color-4)","background-image":"","background-repeat":"repeat","background-position":"center center","background-size":"auto","background-attachment":"scroll","background-type":"","background-media":"","overlay-type":"","overlay-color":"","overlay-opacity":"","overlay-gradient":""},"tablet":{"background-color":"","background-image":"","background-repeat":"repeat","background-position":"center center","background-size":"auto","background-attachment":"scroll","background-type":"","background-media":"","overlay-type":"","overlay-color":"","overlay-opacity":"","overlay-gradient":""},"mobile":{"background-color":"","background-image":"","background-repeat":"repeat","background-position":"center center","background-size":"auto","background-attachment":"scroll","background-type":"","background-media":"","overlay-type":"","overlay-color":"","overlay-opacity":"","overlay-gradient":""}},"ast-content-background-meta":{"desktop":{"background-color":"var(--ast-global-color-5)","background-image":"","background-repeat":"repeat","background-position":"center center","background-size":"auto","background-attachment":"scroll","background-type":"","background-media":"","overlay-type":"","overlay-color":"","overlay-opacity":"","overlay-gradient":""},"tablet":{"background-color":"var(--ast-global-color-5)","background-image":"","background-repeat":"repeat","background-position":"center center","background-size":"auto","background-attachment":"scroll","background-type":"","background-media":"","overlay-type":"","overlay-color":"","overlay-opacity":"","overlay-gradient":""},"mobile":{"background-color":"var(--ast-global-color-5)","background-image":"","background-repeat":"repeat","background-position":"center center","background-size":"auto","background-attachment":"scroll","background-type":"","background-media":"","overlay-type":"","overlay-color":"","overlay-opacity":"","overlay-gradient":""}},"footnotes":""},"class_list":["post-6119","page","type-page","status-publish","hentry"],"_links":{"self":[{"href":"https:\/\/dehumidifiedairservices.com\/fr\/wp-json\/wp\/v2\/pages\/6119","targetHints":{"allow":["GET"]}}],"collection":[{"href":"https:\/\/dehumidifiedairservices.com\/fr\/wp-json\/wp\/v2\/pages"}],"about":[{"href":"https:\/\/dehumidifiedairservices.com\/fr\/wp-json\/wp\/v2\/types\/page"}],"author":[{"embeddable":true,"href":"https:\/\/dehumidifiedairservices.com\/fr\/wp-json\/wp\/v2\/users\/2"}],"replies":[{"embeddable":true,"href":"https:\/\/dehumidifiedairservices.com\/fr\/wp-json\/wp\/v2\/comments?post=6119"}],"version-history":[{"count":2,"href":"https:\/\/dehumidifiedairservices.com\/fr\/wp-json\/wp\/v2\/pages\/6119\/revisions"}],"predecessor-version":[{"id":6121,"href":"https:\/\/dehumidifiedairservices.com\/fr\/wp-json\/wp\/v2\/pages\/6119\/revisions\/6121"}],"up":[{"embeddable":true,"href":"https:\/\/dehumidifiedairservices.com\/fr\/wp-json\/wp\/v2\/pages\/6117"}],"wp:attachment":[{"href":"https:\/\/dehumidifiedairservices.com\/fr\/wp-json\/wp\/v2\/media?parent=6119"}],"curies":[{"name":"wp","href":"https:\/\/api.w.org\/{rel}","templated":true}]}}